
{"id":7035,"date":"2018-10-02T13:49:20","date_gmt":"2018-10-02T13:49:20","guid":{"rendered":"http:\/\/bonomogallery.com?page_id=7035"},"modified":"2020-12-18T18:09:09","modified_gmt":"2020-12-18T18:09:09","slug":"artists","status":"publish","type":"page","link":"https:\/\/bonomogallery.com\/en\/artists\/","title":{"rendered":"Artists"},"content":{"rendered":"<p>[vc_row kswr_row_top_decor_enabled=&#8221;false&#8221; kswr_row_bottom_decor_enabled=&#8221;false&#8221;][vc_column][vc_empty_space height=&#8221;25px&#8221;][\/vc_column][\/vc_row][vc_row disable_element=&#8221;yes&#8221; kswr_row_top_decor_enabled=&#8221;false&#8221; kswr_row_bottom_decor_enabled=&#8221;false&#8221;][vc_column][vc_masonry_grid post_type=&#8221;portfolio&#8221; max_items=&#8221;10&#8243; grid_id=&#8221;vc_gid:1608314936868-6fb12d8c-9b7e-9&#8243; taxonomies=&#8221;7&#8243;][vc_basic_grid post_type=&#8221;portfolio&#8221; max_items=&#8221;-1&#8243; style=&#8221;lazy&#8221; element_width=&#8221;6&#8243; item=&#8221;7631&#8243; grid_id=&#8221;vc_gid:1608314936870-f1fdb9fb-227d-1&#8243; taxonomies=&#8221;7&#8243;][whizz_portfolio_list cats=&#8221;artists&#8221; orderby=&#8221;title&#8221; columns_number=&#8221;col-6&#8243; count=&#8221;1000&#8243;][whizz_portfolio_list style=&#8221;cla&#8221; cats=&#8221;artists&#8221; count=&#8221;42&#8243;][\/vc_column][\/vc_row][vc_row disable_element=&#8221;yes&#8221; kswr_row_top_decor_enabled=&#8221;false&#8221; kswr_row_bottom_decor_enabled=&#8221;false&#8221;][vc_column][vc_empty_space height=&#8221;50px&#8221;][\/vc_column][\/vc_row][vc_row disable_element=&#8221;yes&#8221; kswr_row_top_decor_enabled=&#8221;false&#8221; kswr_row_bottom_decor_enabled=&#8221;false&#8221;][vc_column width=&#8221;1\/4&#8243;][\/vc_column][vc_column width=&#8221;1\/4&#8243;][vc_column_text]<\/p>\n<ul>\n<li style=\"list-style-type: none;\">\n<ul>\n<li class=\"button\" style=\"text-align: center;\" data-filter=\".harry-adams\"><a href=\"http:\/\/officinadelweb.com\/portfolio-item\/harry-adams\/\">HARRY ADAMS<\/a><\/li>\n<li class=\"button\" style=\"text-align: center;\" data-filter=\".jose-angelino\"><a href=\"https:\/\/bonomogallery.com\/portfolio-item\/jose-angelino\/\">JOS\u00c8 ANGELINO<\/a><\/li>\n<li class=\"button\" style=\"text-align: center;\" data-filter=\".margret-h-blondal\"><a href=\"http:\/\/bonomogallery.com\/portfolio-item\/margret-h-blondal\/\">MARGR\u00c9T H BL\u00d6NDAL<\/a><\/li>\n<li class=\"button\" style=\"text-align: center;\" data-filter=\".drugu-choegyal\"><a href=\"http:\/\/bonomogallery.com\/portfolio-item\/dru-gu-choegyal-rinpoche\/\">DRUGU CHOEGYAL<\/a><\/li>\n<li class=\"button\" style=\"text-align: center;\" data-filter=\".eun-mo-chung\"><a href=\"https:\/\/bonomogallery.com\/portfolio-item\/eun-mo-chung\/\">EUN-MO CHUNG<\/a><\/li>\n<li class=\"button\" style=\"text-align: center;\" data-filter=\".franco-dellerba\"><a href=\"http:\/\/bonomogallery.com\/portfolio-item\/franco-dellerba\/\">FRANCO DELLERBA<\/a><\/li>\n<li class=\"button\" style=\"text-align: center;\" data-filter=\".tristano-di-robilant\"><a href=\"https:\/\/bonomogallery.com\/portfolio-item\/tristano-di-robilant\/\">TRISTANO DI ROBILANT<\/a><\/li>\n<li class=\"button\" style=\"text-align: center;\" data-filter=\".elger-esser\"><a href=\"http:\/\/bonomogallery.com\/portfolio-item\/elgar-esser\/\">ELGER ESSER<\/a><\/li>\n<li class=\"button\" style=\"text-align: center;\" data-filter=\".domitilla-harding\"><a href=\"https:\/\/bonomogallery.com\/portfolio-item\/domitilla-harding\/\">DOMITILLA HARDING<\/a><\/li>\n<li class=\"button\" style=\"text-align: center;\" data-filter=\".joan-jonas\"><a href=\"http:\/\/bonomogallery.com\/portfolio-item\/joan-jonas\/\">JOAN JONAS<\/a><\/li>\n<li class=\"button\" style=\"text-align: center;\" data-filter=\".sol-lewitt\"><a href=\"http:\/\/bonomogallery.com\/portfolio-item\/sol-lewitt\/\">SOL LEWITT<\/a><\/li>\n<li class=\"button\" style=\"text-align: center;\" data-filter=\".barry-mcgee\"><a href=\"http:\/\/bonomogallery.com\/portfolio-item\/barry-mcgee\/\">BARRY MCGEE<\/a><\/li>\n<li class=\"button\" style=\"text-align: center;\" data-filter=\".barry-mcgee\"><a href=\"https:\/\/bonomogallery.com\/portfolio-item\/seboo-migone\/\">SEBOO MIGONE<\/a><\/li>\n<li style=\"text-align: center;\" data-filter=\".marisa-merz\"><a href=\"http:\/\/bonomogallery.com\/portfolio-item\/sabina-mirri\/\">SABINA MIRRI<\/a><\/li>\n<li class=\"button\" style=\"text-align: center;\" data-filter=\".kazuko-myamoto\"><a href=\"http:\/\/bonomogallery.com\/portfolio-item\/kazuko-miyamoto\/\">KAZUKO MYAMOTO<\/a><\/li>\n<li class=\"button\" style=\"text-align: center;\" data-filter=\".lulu-nuti\"><a href=\"http:\/\/bonomogallery.com\/portfolio-item\/lulu-nuti\/\">LUL\u00d9 NUTI<\/a><\/li>\n<\/ul>\n<\/li>\n<\/ul>\n<p>[\/vc_column_text][\/vc_column][vc_column width=&#8221;1\/4&#8243;][vc_column_text]<\/p>\n<ul>\n<li style=\"text-align: center;\" data-filter=\".simone-pappalardo\"><a href=\"https:\/\/bonomogallery.com\/portfolio-item\/giorgio-orbi\/\">GIORGIO ORBI<\/a><\/li>\n<li class=\"button\" style=\"text-align: center;\" data-filter=\".marc-quinn\"><a href=\"http:\/\/bonomogallery.com\/portfolio-item\/marc-quinn\/\">MARC QUINN<\/a><\/li>\n<li class=\"button\" style=\"text-align: center;\" data-filter=\".calixto-ramirez\"><a href=\"http:\/\/bonomogallery.com\/portfolio-item\/calixto-ramirez\/\">CALIXTO RAMIREZ<\/a><\/li>\n<li class=\"button\" style=\"text-align: center;\" data-filter=\".annie-ratti\"><a href=\"https:\/\/bonomogallery.com\/portfolio-item\/annie-ratti\/\">ANNIE RATTI<\/a><\/li>\n<li class=\"button\" style=\"text-align: center;\" data-filter=\".baldassarre-ruspoli\"><a href=\"http:\/\/bonomogallery.com\/portfolio-item\/baldassarre-ruspoli\/\">BALDASSARRE RUSPOLI<\/a><\/li>\n<li class=\"button\" style=\"text-align: center;\" data-filter=\".claire-rojas\"><a href=\"http:\/\/bonomogallery.com\/portfolio-item\/clare-rojas\/\">CLARE ROJAS<\/a><\/li>\n<li class=\"button\" style=\"text-align: center;\" data-filter=\".delfina-scarpa\"><a href=\"https:\/\/bonomogallery.com\/portfolio-item\/delfina-scarpa\/\">DELFINA SCARPA<\/a><\/li>\n<li class=\"button\" style=\"text-align: center;\" data-filter=\".orsina-sforza\"><a href=\"http:\/\/bonomogallery.com\/portfolio-item\/orsina-sforza\/\">ORSINA SFORZA<\/a><\/li>\n<li class=\"button\" style=\"text-align: center;\" data-filter=\".pat-steir\"><a href=\"http:\/\/bonomogallery.com\/portfolio-item\/pat-steir\/\">PAT STEIR<\/a><\/li>\n<li class=\"button\" style=\"text-align: center;\" data-filter=\".graeme-todd\"><a href=\"https:\/\/bonomogallery.com\/portfolio-item\/graeme-todd\/\">GRAEME TODD<\/a><\/li>\n<li class=\"button\" style=\"text-align: center;\" data-filter=\".david-tremlett\"><a href=\"http:\/\/bonomogallery.com\/portfolio-item\/david-tremlett\/\">DAVID TREMLETT<\/a><\/li>\n<li class=\"button\" style=\"text-align: center;\" data-filter=\".francisco-tropa\"><a href=\"http:\/\/bonomogallery.com\/portfolio-item\/francisco-tropa-2\/\">FRANCISCO TROPA<\/a><\/li>\n<li class=\"button\" style=\"text-align: center;\" data-filter=\".alessandro-twombly\"><a href=\"http:\/\/bonomogallery.com\/portfolio-item\/alessandro-twombly\/\">ALESSANDRO TWOMBLY<\/a><\/li>\n<li class=\"button\" style=\"text-align: center;\" data-filter=\".richard-tuttle\"><a href=\"http:\/\/bonomogallery.com\/portfolio-item\/richard-tuttle\/\">RICHARD TUTTLE<\/a><\/li>\n<li class=\"button\" style=\"text-align: center;\" data-filter=\".fosco-valentini\"><a href=\"http:\/\/bonomogallery.com\/portfolio-item\/fosco-valentini\/\">FOSCO VALENTINI<\/a><\/li>\n<li class=\"button\" style=\"text-align: center;\" data-filter=\".donata-wenders\"><a href=\"http:\/\/bonomogallery.com\/portfolio-item\/donata-wenders\/\">DONATA WENDERS<\/a><\/li>\n<\/ul>\n<p>[\/vc_column_text][\/vc_column][vc_column width=&#8221;1\/4&#8243;][\/vc_column][\/vc_row]<\/p>\n","protected":false},"excerpt":{"rendered":"<p>[vc_row kswr_row_top_decor_enabled=&#8221;false&#8221; kswr_row_bottom_decor_enabled=&#8221;false&#8221;][vc_column][vc_empty_space height=&#8221;25px&#8221;][\/vc_column][\/vc_row][vc_row disable_element=&#8221;yes&#8221; kswr_row_top_decor_enabled=&#8221;false&#8221; kswr_row_bottom_decor_enabled=&#8221;false&#8221;][vc_column][vc_masonry_grid post_type=&#8221;portfolio&#8221; max_items=&#8221;10&#8243; grid_id=&#8221;vc_gid:1608314936868-6fb12d8c-9b7e-9&#8243; taxonomies=&#8221;7&#8243;][vc_basic_grid post_type=&#8221;portfolio&#8221; max_items=&#8221;-1&#8243; style=&#8221;lazy&#8221; element_width=&#8221;6&#8243; item=&#8221;7631&#8243; grid_id=&#8221;vc_gid:1608314936870-f1fdb9fb-227d-1&#8243; taxonomies=&#8221;7&#8243;][whizz_portfolio_list cats=&#8221;artists&#8221; orderby=&#8221;title&#8221; columns_number=&#8221;col-6&#8243; count=&#8221;1000&#8243;][whizz_portfolio_list style=&#8221;cla&#8221; cats=&#8221;artists&#8221; count=&#8221;42&#8243;][\/vc_column][\/vc_row][vc_row disable_element=&#8221;yes&#8221; kswr_row_top_decor_enabled=&#8221;false&#8221; kswr_row_bottom_decor_enabled=&#8221;false&#8221;][vc_column][vc_empty_space height=&#8221;50px&#8221;][\/vc_column][\/vc_row][vc_row disable_element=&#8221;yes&#8221; kswr_row_top_decor_enabled=&#8221;false&#8221; kswr_row_bottom_decor_enabled=&#8221;false&#8221;][vc_column width=&#8221;1\/4&#8243;][\/vc_column][vc_column width=&#8221;1\/4&#8243;][vc_column_text] HARRY ADAMS JOS\u00c8 ANGELINO MARGR\u00c9T H BL\u00d6NDAL DRUGU CHOEGYAL EUN-MO CHUNG FRANCO DELLERBA TRISTANO DI ROBILANT ELGER ESSER DOMITILLA HARDING JOAN &#8230;<\/p>\n","protected":false},"author":1,"featured_media":0,"parent":0,"menu_order":0,"comment_status":"closed","ping_status":"closed","template":"","meta":{"_monsterinsights_skip_tracking":false,"_monsterinsights_sitenote_active":false,"_monsterinsights_sitenote_note":"","_monsterinsights_sitenote_category":0,"footnotes":""},"acf":[],"_links":{"self":[{"href":"https:\/\/bonomogallery.com\/en\/wp-json\/wp\/v2\/pages\/7035\/"}],"collection":[{"href":"https:\/\/bonomogallery.com\/en\/wp-json\/wp\/v2\/pages\/"}],"about":[{"href":"https:\/\/bonomogallery.com\/en\/wp-json\/wp\/v2\/types\/page\/"}],"author":[{"embeddable":true,"href":"https:\/\/bonomogallery.com\/en\/wp-json\/wp\/v2\/users\/1\/"}],"replies":[{"embeddable":true,"href":"https:\/\/bonomogallery.com\/en\/wp-json\/wp\/v2\/comments\/?post=7035"}],"version-history":[{"count":56,"href":"https:\/\/bonomogallery.com\/en\/wp-json\/wp\/v2\/pages\/7035\/revisions\/"}],"predecessor-version":[{"id":15773,"href":"https:\/\/bonomogallery.com\/en\/wp-json\/wp\/v2\/pages\/7035\/revisions\/15773\/"}],"wp:attachment":[{"href":"https:\/\/bonomogallery.com\/en\/wp-json\/wp\/v2\/media\/?parent=7035"}],"curies":[{"name":"wp","href":"https:\/\/api.w.org\/{rel}","templated":true}]}}