
{"id":14502,"date":"2020-12-14T10:05:42","date_gmt":"2020-12-14T10:05:42","guid":{"rendered":"http:\/\/www.officinadelweb.com\/wip\/bonomogallery\/?page_id=14502"},"modified":"2024-11-14T17:48:58","modified_gmt":"2024-11-14T17:48:58","slug":"contact","status":"publish","type":"page","link":"https:\/\/bonomogallery.com\/en\/contact\/","title":{"rendered":"CONTACT"},"content":{"rendered":"<p>[vc_row][vc_column desctop_mt=&#8221;margin-lg-0t&#8221; desctop_mb=&#8221;margin-lg-0b&#8221; desctop_md_mt=&#8221;margin-lg-0t&#8221; tablets_mt=&#8221;margin-sm-0t&#8221; mobile_mt=&#8221;margin-xs-0t&#8221; desctop_lg_pt=&#8221;padding-md-200t&#8221; desctop_pt=&#8221;padding-md-50t&#8221; tablets_pt=&#8221;padding-sm-0t&#8221; mobile_pt=&#8221;padding-xs-0t&#8221; css=&#8221;.vc_custom_1558000645990{margin-bottom: 0px !important;}&#8221;][vc_empty_space height=&#8221;50px&#8221;][\/vc_column][\/vc_row][vc_row content_placement=&#8221;bottom&#8221; kswr_row_top_decor_enabled=&#8221;false&#8221; kswr_row_bottom_decor_enabled=&#8221;false&#8221; css=&#8221;.vc_custom_1604062510879{margin-bottom: 15px !important;}&#8221;][vc_column width=&#8221;1\/2&#8243; desctop_mt=&#8221;margin-lg-0t&#8221; desctop_mb=&#8221;margin-lg-0b&#8221; desctop_md_mt=&#8221;margin-lg-0t&#8221; tablets_mt=&#8221;margin-sm-0t&#8221; mobile_mt=&#8221;margin-xs-0t&#8221; desctop_lg_pt=&#8221;padding-md-200t&#8221; desctop_pt=&#8221;padding-md-50t&#8221; tablets_pt=&#8221;padding-sm-0t&#8221; mobile_pt=&#8221;padding-xs-0t&#8221; css=&#8221;.vc_custom_1608381480798{margin-right: 30px !important;margin-bottom: -5px !important;}&#8221;][vc_column_text]<\/p>\n<p style=\"font-size: 20px; margin-bottom: 9px; text-align: right;\">Opening hours<\/p>\n<p style=\"text-align: right;\">Tuesday &#8211; Friday from 12:00 am to 6.30 pm<\/p>\n<p>[\/vc_column_text][vc_column_text]<\/p>\n<p style=\"font-size: 20px; margin-bottom: 9px; text-align: right;\">Contacts<\/p>\n<p style=\"text-align: right;\">The gallery can be visited by appointment.<\/p>\n<p style=\"line-height: 18px; text-align: right;\">Tel: 06.69925858<br \/>\nemail: mail@bonomogallery.com<br \/>\n<a title=\"MAILING LIST\" href=\"http:\/\/bonomogallery.com\/mailing-list\/\">MAILING LIST<\/a><\/p>\n<p>[\/vc_column_text][\/vc_column][vc_column width=&#8221;1\/2&#8243;][vc_single_image image=&#8221;11134&#8243; img_size=&#8221;full&#8221;][\/vc_column][\/vc_row][vc_row][vc_column width=&#8221;1\/2&#8243; desctop_mt=&#8221;margin-lg-0t&#8221; desctop_mb=&#8221;margin-lg-0b&#8221; desctop_md_mt=&#8221;margin-lg-0t&#8221; tablets_mt=&#8221;margin-sm-0t&#8221; mobile_mt=&#8221;margin-xs-0t&#8221; desctop_lg_pt=&#8221;padding-md-200t&#8221; desctop_pt=&#8221;padding-md-50t&#8221; tablets_pt=&#8221;padding-sm-0t&#8221; mobile_pt=&#8221;padding-xs-0t&#8221; css=&#8221;.vc_custom_1608381491174{margin-right: 30px !important;margin-bottom: -5px !important;}&#8221;][vc_column_text css=&#8221;.vc_custom_1608381562884{padding-right: 30px !important;}&#8221;]<\/p>\n<p style=\"font-size: 20px; margin-bottom: 9px; text-align: right;\">Address<\/p>\n<p style=\"line-height: 18px; text-align: right;\">Via del Ges\u00f9, 62<br \/>\n00168 Roma<\/p>\n<p>[\/vc_column_text][\/vc_column][vc_column width=&#8221;1\/2&#8243;][vc_gmaps link=&#8221;#E-8_JTNDaWZyYW1lJTIwc3JjJTNEJTIyaHR0cHMlM0ElMkYlMkZ3d3cuZ29vZ2xlLmNvbSUyRm1hcHMlMkZlbWJlZCUzRnBiJTNEJTIxMW0xNCUyMTFtOCUyMTFtMyUyMTFkMTQ4NC45MTA0NjYwOTk1MTcyJTIxMmQxMi40Nzg2NyUyMTNkNDEuODk2NzA4JTIxM20yJTIxMWkxMDI0JTIxMmk3NjglMjE0ZjEzLjElMjEzbTMlMjExbTIlMjExczB4MCUyNTNBMHgzYzRiN2NhMzI3MjBlNzgwJTIxMnNHYWxsZXJpYSUyQkFsZXNzYW5kcmElMkJCb25vbW8lMjE1ZTAlMjEzbTIlMjExc2l0JTIxMnNpdCUyMTR2MTUzODU3NTExODE4MSUyMiUyMHdpZHRoJTNEJTIyNDc1JTIyJTIwaGVpZ2h0JTNEJTIyNzUlMjIlMjBmcmFtZWJvcmRlciUzRCUyMjAlMjIlMjBzdHlsZSUzRCUyMmJvcmRlciUzQTAlMjIlMjBhbGxvd2Z1bGxzY3JlZW4lM0UlM0MlMkZpZnJhbWUlM0U=&#8221; size=&#8221;340px&#8221; css=&#8221;.vc_custom_1540304558442{padding-top: 0px !important;padding-right: 0px !important;padding-bottom: 0px !important;padding-left: 0px !important;}&#8221;][\/vc_column][\/vc_row][vc_row disable_element=&#8221;yes&#8221; kswr_row_top_decor_enabled=&#8221;false&#8221; kswr_row_bottom_decor_enabled=&#8221;false&#8221;][vc_column width=&#8221;1\/3&#8243; desctop_mt=&#8221;margin-lg-0t&#8221; desctop_mb=&#8221;margin-lg-0b&#8221; desctop_md_mt=&#8221;margin-lg-0t&#8221; tablets_mt=&#8221;margin-sm-0t&#8221; mobile_mt=&#8221;margin-xs-0t&#8221; desctop_lg_pt=&#8221;padding-md-200t&#8221; desctop_pt=&#8221;padding-md-50t&#8221; tablets_pt=&#8221;padding-sm-0t&#8221; mobile_pt=&#8221;padding-xs-0t&#8221; css=&#8221;.vc_custom_1558000645990{margin-bottom: 0px !important;}&#8221;][\/vc_column][vc_column width=&#8221;1\/3&#8243;][vc_single_image image=&#8221;11134&#8243; img_size=&#8221;full&#8221;][\/vc_column][vc_column width=&#8221;1\/3&#8243;][\/vc_column][\/vc_row][vc_row disable_element=&#8221;yes&#8221; kswr_row_top_decor_enabled=&#8221;false&#8221; kswr_row_bottom_decor_enabled=&#8221;false&#8221;][vc_column][vc_empty_space height=&#8221;50px&#8221;][vc_column_text]<\/p>\n<p style=\"text-align: center; clear: both;\">Marted\u00ec &#8211; Venerd\u00ec 12:00 &#8211; 19:00<br \/>\nSabato e luned\u00ec su appuntamento<br \/>\nTHURSDAY &#8211; FRIDAY 12:00AM &#8211; 7:00PM<br \/>\nSaturday and Monday by appointment<span style=\"font-size: 8pt;\"><br \/>\n<\/span><\/p>\n<p style=\"text-align: center;\"><a title=\"MAILING LIST\" href=\"http:\/\/bonomogallery.com\/mailing-list\/\">MAILING LIST<\/a><\/p>\n<p>[\/vc_column_text][vc_empty_space height=&#8221;50px&#8221;][\/vc_column][\/vc_row][vc_row disable_element=&#8221;yes&#8221; kswr_row_top_decor_enabled=&#8221;false&#8221; kswr_row_bottom_decor_enabled=&#8221;false&#8221;][vc_column][vc_column_text]<\/p>\n<p style=\"text-align: center; clear: both;\"><span style=\"font-size: 8pt;\">LA GALLERIA \u00c8 APERTA SU APPUNTAMENTO CON LA MOSTRA DI SABINA MIRRI E VERDE EDREV DAL MARTED\u00cc AL VENERD\u00cc NEGLI ORARI 13 \u2013 19.<\/span><\/p>\n<p style=\"text-align: center; clear: both;\"><span style=\"font-size: 8pt;\">THE GALLERY IS OPEN BY APPOINTMENT WITH THE EXHIBITION OF SABINA MIRRI AND VERDE EDREV, FROM TUESDAY TO FRIDAY, 1:00PM \u2013 7:00PM.<\/span><\/p>\n<p style=\"text-align: center; clear: both;\"><span style=\"font-size: 8pt;\">mail@bonomogallery.com +39 393 1705317 +39 393 4659160<\/span><\/p>\n<p style=\"text-align: center;\"><span style=\"font-size: 8pt;\"><a title=\"MAILING LIST\" href=\"http:\/\/bonomogallery.com\/mailing-list\/\"><span style=\"vertical-align: inherit;\"><span style=\"vertical-align: inherit;\">MAILING LIST<\/span><\/span><\/a><\/span><\/p>\n<p>[\/vc_column_text][\/vc_column][\/vc_row][vc_row disable_element=&#8221;yes&#8221; kswr_row_top_decor_enabled=&#8221;false&#8221; kswr_row_bottom_decor_enabled=&#8221;false&#8221;][vc_column offset=&#8221;vc_hidden-lg vc_hidden-md vc_hidden-sm&#8221;][vc_column_text]<\/p>\n<p style=\"text-align: center; clear: both;\"><span style=\"font-size: 8pt;\">Marted\u00ec- Venerd\u00ec 12:30 &#8211; 18:30<br \/>\n<\/span><span style=\"font-size: 8pt;\">SABATO SU APPUNTAMENTO<br \/>\n<\/span><span style=\"font-size: 8pt;\">THURSDAY &#8211; FRIDAY\u00a0 12:30AM &#8211; 6:30PM<br \/>\nSATURDAY ON APPOINTMENT<\/span><\/p>\n<p style=\"text-align: center;\"><span style=\"font-size: 8pt;\"><a title=\"MAILING LIST\" href=\"http:\/\/bonomogallery.com\/mailing-list\/\">MAILING LIST<\/a><\/span><\/p>\n<p>[\/vc_column_text][\/vc_column][\/vc_row]<\/p>\n","protected":false},"excerpt":{"rendered":"<p>[vc_row][vc_column desctop_mt=&#8221;margin-lg-0t&#8221; desctop_mb=&#8221;margin-lg-0b&#8221; desctop_md_mt=&#8221;margin-lg-0t&#8221; tablets_mt=&#8221;margin-sm-0t&#8221; mobile_mt=&#8221;margin-xs-0t&#8221; desctop_lg_pt=&#8221;padding-md-200t&#8221; desctop_pt=&#8221;padding-md-50t&#8221; tablets_pt=&#8221;padding-sm-0t&#8221; mobile_pt=&#8221;padding-xs-0t&#8221; css=&#8221;.vc_custom_1558000645990{margin-bottom: 0px !important;}&#8221;][vc_empty_space height=&#8221;50px&#8221;][\/vc_column][\/vc_row][vc_row content_placement=&#8221;bottom&#8221; kswr_row_top_decor_enabled=&#8221;false&#8221; kswr_row_bottom_decor_enabled=&#8221;false&#8221; css=&#8221;.vc_custom_1604062510879{margin-bottom: 15px !important;}&#8221;][vc_column width=&#8221;1\/2&#8243; desctop_mt=&#8221;margin-lg-0t&#8221; desctop_mb=&#8221;margin-lg-0b&#8221; desctop_md_mt=&#8221;margin-lg-0t&#8221; tablets_mt=&#8221;margin-sm-0t&#8221; mobile_mt=&#8221;margin-xs-0t&#8221; desctop_lg_pt=&#8221;padding-md-200t&#8221; desctop_pt=&#8221;padding-md-50t&#8221; tablets_pt=&#8221;padding-sm-0t&#8221; mobile_pt=&#8221;padding-xs-0t&#8221; css=&#8221;.vc_custom_1608381480798{margin-right: 30px !important;margin-bottom: -5px !important;}&#8221;][vc_column_text] Opening hours Tuesday &#8211; Friday from 12:00 am to 6.30 pm [\/vc_column_text][vc_column_text] Contacts The gallery can be visited by appointment. &#8230;<\/p>\n","protected":false},"author":1,"featured_media":0,"parent":0,"menu_order":0,"comment_status":"closed","ping_status":"closed","template":"","meta":{"_monsterinsights_skip_tracking":false,"_monsterinsights_sitenote_active":false,"_monsterinsights_sitenote_note":"","_monsterinsights_sitenote_category":0,"footnotes":""},"acf":[],"_links":{"self":[{"href":"https:\/\/bonomogallery.com\/en\/wp-json\/wp\/v2\/pages\/14502\/"}],"collection":[{"href":"https:\/\/bonomogallery.com\/en\/wp-json\/wp\/v2\/pages\/"}],"about":[{"href":"https:\/\/bonomogallery.com\/en\/wp-json\/wp\/v2\/types\/page\/"}],"author":[{"embeddable":true,"href":"https:\/\/bonomogallery.com\/en\/wp-json\/wp\/v2\/users\/1\/"}],"replies":[{"embeddable":true,"href":"https:\/\/bonomogallery.com\/en\/wp-json\/wp\/v2\/comments\/?post=14502"}],"version-history":[{"count":11,"href":"https:\/\/bonomogallery.com\/en\/wp-json\/wp\/v2\/pages\/14502\/revisions\/"}],"predecessor-version":[{"id":18235,"href":"https:\/\/bonomogallery.com\/en\/wp-json\/wp\/v2\/pages\/14502\/revisions\/18235\/"}],"wp:attachment":[{"href":"https:\/\/bonomogallery.com\/en\/wp-json\/wp\/v2\/media\/?parent=14502"}],"curies":[{"name":"wp","href":"https:\/\/api.w.org\/{rel}","templated":true}]}}